{"id":17,"date":"2023-06-20T09:48:11","date_gmt":"2023-06-20T09:48:11","guid":{"rendered":"https:\/\/hebammen-kiosk.de\/?page_id=17"},"modified":"2024-11-30T17:15:22","modified_gmt":"2024-11-30T17:15:22","slug":"ueber-mich","status":"publish","type":"page","link":"https:\/\/hebammen-kiosk.de\/es\/ueber-mich\/","title":{"rendered":"Qui\u00e9n soy"},"content":{"rendered":"<div data-elementor-type=\"wp-page\" data-elementor-id=\"17\" class=\"elementor elementor-17\">\n\t\t\t\t\t\t<section class=\"elementor-section elementor-top-section elementor-element elementor-element-73b62f3 elementor-section-boxed elementor-section-height-default elementor-section-height-default\" data-id=\"73b62f3\" data-element_type=\"section\" data-e-type=\"section\">\n\t\t\t\t\t\t<div class=\"elementor-container elementor-column-gap-default\">\n\t\t\t\t\t<div class=\"elementor-column elementor-col-100 elementor-top-column elementor-element elementor-element-49f7ce4\" data-id=\"49f7ce4\" data-element_type=\"column\" data-e-type=\"column\">\n\t\t\t<div class=\"elementor-widget-wrap elementor-element-populated\">\n\t\t\t\t\t\t<div class=\"elementor-element elementor-element-5193a15 elementor-widget elementor-widget-heading\" data-id=\"5193a15\" data-element_type=\"widget\" data-e-type=\"widget\" data-widget_type=\"heading.default\">\n\t\t\t\t<div class=\"elementor-widget-container\">\n\t\t\t\t\t<h1 class=\"elementor-heading-title elementor-size-default\">Qui\u00e9n soy<\/h1>\t\t\t\t<\/div>\n\t\t\t\t<\/div>\n\t\t\t\t\t<\/div>\n\t\t<\/div>\n\t\t\t\t\t<\/div>\n\t\t<\/section>\n\t\t\t\t<section class=\"elementor-section elementor-top-section elementor-element elementor-element-05aeabc elementor-section-boxed elementor-section-height-default elementor-section-height-default\" data-id=\"05aeabc\" data-element_type=\"section\" data-e-type=\"section\">\n\t\t\t\t\t\t<div class=\"elementor-container elementor-column-gap-default\">\n\t\t\t\t\t<div class=\"elementor-column elementor-col-50 elementor-top-column elementor-element elementor-element-873b7da\" data-id=\"873b7da\" data-element_type=\"column\" data-e-type=\"column\">\n\t\t\t<div class=\"elementor-widget-wrap elementor-element-populated\">\n\t\t\t\t\t\t<div class=\"elementor-element elementor-element-f926671 elementor-widget elementor-widget-text-editor\" data-id=\"f926671\" data-element_type=\"widget\" data-e-type=\"widget\" data-widget_type=\"text-editor.default\">\n\t\t\t\t<div class=\"elementor-widget-container\">\n\t\t\t\t\t\t\t\t\t<p>Desde hace pr\u00e1cticamente 30 a\u00f1os me dedico como comadrona a la ayuda en el parto y al asesoramiento a mujeres tanto en su embarazo como m\u00e1s tarde en su nueva vida como madres.<\/p><p>Durante mucho tiempo, alrededor de 20 a\u00f1os, y hasta el 30 de junio de 2023 he trabajo como comadrona en el paritorio del B\u00fcrgerhospital. A partir de esa fecha me dedico a tiempo completo al trabajo de comadrona como aut\u00f3noma.<\/p><p>\u00a0Mi marido y yo vivimos en Barcelona desde 1999 a 2006. Durante ese tiempo tambi\u00e9n ejerc\u00ed de comadrona tanto en hospital como para aquellas embarazadas que decid\u00edan parir en casa (siempre con un doctor presente). En Espa\u00f1a trabaj\u00e9 por cuenta propia y tambi\u00e9n contaba con mi propia consulta, llamada Cuna Luna. En todo este tiempo no par\u00e9 en ning\u00fan momento de aprender; tanto de las madres y sus hijos como de las compa\u00f1eras y doctores con los que trabaj\u00e9 durante ese tiempo.<\/p>\t\t\t\t\t\t\t\t<\/div>\n\t\t\t\t<\/div>\n\t\t\t\t\t<\/div>\n\t\t<\/div>\n\t\t\t\t<div class=\"elementor-column elementor-col-50 elementor-top-column elementor-element elementor-element-0d38ab8\" data-id=\"0d38ab8\" data-element_type=\"column\" data-e-type=\"column\">\n\t\t\t<div class=\"elementor-widget-wrap elementor-element-populated\">\n\t\t\t\t\t\t<div class=\"elementor-element elementor-element-97d4399 elementor-widget elementor-widget-image\" data-id=\"97d4399\" data-element_type=\"widget\" data-e-type=\"widget\" data-widget_type=\"image.default\">\n\t\t\t\t<div class=\"elementor-widget-container\">\n\t\t\t\t\t\t\t\t\t\t\t\t\t\t\t<img fetchpriority=\"high\" decoding=\"async\" width=\"800\" height=\"534\" src=\"https:\/\/hebammen-kiosk.de\/wp-content\/uploads\/2023\/08\/IMG-20181101-WA0000-1024x683.jpg\" class=\"attachment-large size-large wp-image-308\" alt=\"Hebamme Petra Embacher\" srcset=\"https:\/\/hebammen-kiosk.de\/wp-content\/uploads\/2023\/08\/IMG-20181101-WA0000-1024x683.jpg 1024w, https:\/\/hebammen-kiosk.de\/wp-content\/uploads\/2023\/08\/IMG-20181101-WA0000-300x200.jpg 300w, https:\/\/hebammen-kiosk.de\/wp-content\/uploads\/2023\/08\/IMG-20181101-WA0000-768x512.jpg 768w, https:\/\/hebammen-kiosk.de\/wp-content\/uploads\/2023\/08\/IMG-20181101-WA0000-1536x1024.jpg 1536w, https:\/\/hebammen-kiosk.de\/wp-content\/uploads\/2023\/08\/IMG-20181101-WA0000.jpg 1600w\" sizes=\"(max-width: 800px) 100vw, 800px\" \/>\t\t\t\t\t\t\t\t\t\t\t\t\t\t\t<\/div>\n\t\t\t\t<\/div>\n\t\t\t\t\t<\/div>\n\t\t<\/div>\n\t\t\t\t\t<\/div>\n\t\t<\/section>\n\t\t\t\t<section class=\"elementor-section elementor-top-section elementor-element elementor-element-179903f elementor-reverse-mobile elementor-section-boxed elementor-section-height-default elementor-section-height-default\" data-id=\"179903f\" data-element_type=\"section\" data-e-type=\"section\">\n\t\t\t\t\t\t<div class=\"elementor-container elementor-column-gap-default\">\n\t\t\t\t\t<div class=\"elementor-column elementor-col-50 elementor-top-column elementor-element elementor-element-f2d888e\" data-id=\"f2d888e\" data-element_type=\"column\" data-e-type=\"column\">\n\t\t\t<div class=\"elementor-widget-wrap elementor-element-populated\">\n\t\t\t\t\t\t<div class=\"elementor-element elementor-element-57b3bbd elementor-widget elementor-widget-image\" data-id=\"57b3bbd\" data-element_type=\"widget\" data-e-type=\"widget\" data-widget_type=\"image.default\">\n\t\t\t\t<div class=\"elementor-widget-container\">\n\t\t\t\t\t\t\t\t\t\t\t\t\t\t\t<img decoding=\"async\" width=\"247\" height=\"300\" src=\"https:\/\/hebammen-kiosk.de\/wp-content\/uploads\/2024\/11\/IMG-20241111-WA0038-247x300.jpg\" class=\"attachment-medium size-medium wp-image-784\" alt=\"\" srcset=\"https:\/\/hebammen-kiosk.de\/wp-content\/uploads\/2024\/11\/IMG-20241111-WA0038-247x300.jpg 247w, https:\/\/hebammen-kiosk.de\/wp-content\/uploads\/2024\/11\/IMG-20241111-WA0038-844x1024.jpg 844w, https:\/\/hebammen-kiosk.de\/wp-content\/uploads\/2024\/11\/IMG-20241111-WA0038-768x932.jpg 768w, https:\/\/hebammen-kiosk.de\/wp-content\/uploads\/2024\/11\/IMG-20241111-WA0038-1266x1536.jpg 1266w, https:\/\/hebammen-kiosk.de\/wp-content\/uploads\/2024\/11\/IMG-20241111-WA0038-10x12.jpg 10w, https:\/\/hebammen-kiosk.de\/wp-content\/uploads\/2024\/11\/IMG-20241111-WA0038.jpg 1334w\" sizes=\"(max-width: 247px) 100vw, 247px\" \/>\t\t\t\t\t\t\t\t\t\t\t\t\t\t\t<\/div>\n\t\t\t\t<\/div>\n\t\t\t\t\t<\/div>\n\t\t<\/div>\n\t\t\t\t<div class=\"elementor-column elementor-col-50 elementor-top-column elementor-element elementor-element-422ed91\" data-id=\"422ed91\" data-element_type=\"column\" data-e-type=\"column\">\n\t\t\t<div class=\"elementor-widget-wrap elementor-element-populated\">\n\t\t\t\t\t\t<div class=\"elementor-element elementor-element-4dd4611 elementor-widget elementor-widget-text-editor\" data-id=\"4dd4611\" data-element_type=\"widget\" data-e-type=\"widget\" data-widget_type=\"text-editor.default\">\n\t\t\t\t<div class=\"elementor-widget-container\">\n\t\t\t\t\t\t\t\t\t<p>Viviendo en Barcelona conoc\u00ed a Mar\u00eda Teresa Guardiola, una comadrona con una gran habilidad para ejercer su disciplina y con muchos intereses. Ella fue la que me introdujo en el mundo de los masajes terap\u00e9uticos para mujeres que han dado a luz. Aprend\u00ed much\u00edsimo de ella y puedo asegurar que estos masajes hacen milagros. Para aquellas interesadas estos masajes forman parte de mis servicios.<\/p><p class=\"translation-block\">Hablo espa\u00f1ol e italiano\u2026 aunque el ingl\u00e9s no se me da tan bien ;-) \nDesde hace d\u00e9cadas siempre he tenido el sue\u00f1o de abrir una consulta para embarazadas y madres con beb\u00e9s reci\u00e9n nacidos que fuese lo m\u00e1s sencilla y llana posible\u2026 aunque a veces estas cosas llevan su tiempo de maduraci\u00f3n.<\/p><p>Ahora por fin ya est\u00e1 aqu\u00ed: El Hebammen-Kiosk, la consulta donde puedes reservar una cita sin nada de largas listas de espera. Adem\u00e1s estamos a pie de calle con lo cual es perfectamente accesible, \u00a1no necesitar\u00e1s subir ni un m\u00edsero escal\u00f3n! Aqu\u00ed te espero con el t\u00e9 preparado y deseando escuchar lo que tengas que decir para darte el mejor asesoramiento posible. Versprochen!<\/p>\t\t\t\t\t\t\t\t<\/div>\n\t\t\t\t<\/div>\n\t\t\t\t\t<\/div>\n\t\t<\/div>\n\t\t\t\t\t<\/div>\n\t\t<\/section>\n\t\t\t\t<\/div>","protected":false},"excerpt":{"rendered":"<p>\u00dcber mich Seit nahezu 30 Jahren bin ich als Hebamme in der Geburtshilfe und in der Betreuung von Schwangeren und M\u00fcttern mit ihren Babys aktiv. Lange Zeit, etwa 20 Jahre, war ich als angestellte Hebamme im Krei\u00dfsaal des B\u00fcrgerhospitals t\u00e4tig, das ich zum 30.6.2023 verlassen habe, um mich von nun an ganz der Freiberuflichkeit zu [&hellip;]<\/p>\n","protected":false},"author":1,"featured_media":0,"parent":0,"menu_order":0,"comment_status":"closed","ping_status":"closed","template":"","meta":{"footnotes":""},"class_list":["post-17","page","type-page","status-publish","hentry"],"_links":{"self":[{"href":"https:\/\/hebammen-kiosk.de\/es\/wp-json\/wp\/v2\/pages\/17","targetHints":{"allow":["GET"]}}],"collection":[{"href":"https:\/\/hebammen-kiosk.de\/es\/wp-json\/wp\/v2\/pages"}],"about":[{"href":"https:\/\/hebammen-kiosk.de\/es\/wp-json\/wp\/v2\/types\/page"}],"author":[{"embeddable":true,"href":"https:\/\/hebammen-kiosk.de\/es\/wp-json\/wp\/v2\/users\/1"}],"replies":[{"embeddable":true,"href":"https:\/\/hebammen-kiosk.de\/es\/wp-json\/wp\/v2\/comments?post=17"}],"version-history":[{"count":37,"href":"https:\/\/hebammen-kiosk.de\/es\/wp-json\/wp\/v2\/pages\/17\/revisions"}],"predecessor-version":[{"id":787,"href":"https:\/\/hebammen-kiosk.de\/es\/wp-json\/wp\/v2\/pages\/17\/revisions\/787"}],"wp:attachment":[{"href":"https:\/\/hebammen-kiosk.de\/es\/wp-json\/wp\/v2\/media?parent=17"}],"curies":[{"name":"wp","href":"https:\/\/api.w.org\/{rel}","templated":true}]}}