{"id":253,"date":"2023-08-16T16:56:21","date_gmt":"2023-08-16T16:56:21","guid":{"rendered":"https:\/\/hebammen-kiosk.de\/?page_id=253"},"modified":"2023-08-29T11:15:12","modified_gmt":"2023-08-29T11:15:12","slug":"kosten-kostenuebernahme","status":"publish","type":"page","link":"https:\/\/hebammen-kiosk.de\/es\/kosten-kostenuebernahme\/","title":{"rendered":"Precios \/ Qu\u00e9 paga el seguro y qu\u00e9 no"},"content":{"rendered":"<div data-elementor-type=\"wp-page\" data-elementor-id=\"253\" class=\"elementor elementor-253\">\n\t\t\t\t\t\t<section class=\"elementor-section elementor-top-section elementor-element elementor-element-397d96f elementor-section-boxed elementor-section-height-default elementor-section-height-default\" data-id=\"397d96f\" data-element_type=\"section\" data-e-type=\"section\">\n\t\t\t\t\t\t<div class=\"elementor-container elementor-column-gap-default\">\n\t\t\t\t\t<div class=\"elementor-column elementor-col-100 elementor-top-column elementor-element elementor-element-0cd4faa\" data-id=\"0cd4faa\" data-element_type=\"column\" data-e-type=\"column\">\n\t\t\t<div class=\"elementor-widget-wrap elementor-element-populated\">\n\t\t\t\t\t\t<div class=\"elementor-element elementor-element-9c07689 elementor-widget elementor-widget-heading\" data-id=\"9c07689\" data-element_type=\"widget\" data-e-type=\"widget\" data-widget_type=\"heading.default\">\n\t\t\t\t<div class=\"elementor-widget-container\">\n\t\t\t\t\t<h2 class=\"elementor-heading-title elementor-size-default\">Precios \/ Qu\u00e9 paga el seguro y qu\u00e9 no<\/h2>\t\t\t\t<\/div>\n\t\t\t\t<\/div>\n\t\t\t\t\t<\/div>\n\t\t<\/div>\n\t\t\t\t\t<\/div>\n\t\t<\/section>\n\t\t\t\t<section class=\"elementor-section elementor-top-section elementor-element elementor-element-99a7d5e elementor-section-boxed elementor-section-height-default elementor-section-height-default\" data-id=\"99a7d5e\" data-element_type=\"section\" data-e-type=\"section\">\n\t\t\t\t\t\t<div class=\"elementor-container elementor-column-gap-default\">\n\t\t\t\t\t<div class=\"elementor-column elementor-col-50 elementor-top-column elementor-element elementor-element-d357746\" data-id=\"d357746\" data-element_type=\"column\" data-e-type=\"column\">\n\t\t\t<div class=\"elementor-widget-wrap elementor-element-populated\">\n\t\t\t\t\t\t<div class=\"elementor-element elementor-element-b18666e elementor-widget elementor-widget-text-editor\" data-id=\"b18666e\" data-element_type=\"widget\" data-e-type=\"widget\" data-widget_type=\"text-editor.default\">\n\t\t\t\t<div class=\"elementor-widget-container\">\n\t\t\t\t\t\t\t\t\t<p><b>Toda mujer embarazada en Alemania tiene derecho a los servicios de una comadrona, incluidos el puerperio y el per\u00edodo de tiempo hasta el destete del beb\u00e9 por lo que cada mujer puede pedir tambi\u00e9n consejos en caso de tener problemas con la alimentaci\u00f3n de su beb\u00e9. Los gastos corren a cuenta del seguro.\u00a0<\/b><\/p><ul><li><b>Servicios para embarazadas que cubre el seguro\u00a0<\/b><\/li><\/ul><p>Una embarazada puede requerir los servicios de una comadrona las veces que necesite en caso de dolores o molestias. El servicio cubrir\u00e1 completamente los gastos.<\/p><ul><li><b>Servicios para madres y beb\u00e9s durante el puerperio<\/b><\/li><\/ul><p class=\"translation-block\">Durante los primeros diez d\u00edas despu\u00e9s del parto, una comadrona puede visitar tu casa hasta un m\u00e1ximo de 20 veces.<\/p><p class=\"translation-block\">A partir del d\u00eda 11 y hasta la semana 12, el seguro cubre otras 16 citas (inclu\u00eddas las visitas a casa o en el Hebammen-Kiosk e incluso llamadas telef\u00f3nicas o por WhatsApp).<\/p><ul><li><b>Servicios para madres y beb\u00e9s a partir de la semana 12<\/b><\/li><\/ul><p class=\"translation-block\">Y lo que muchas madres desconocen: desde la semana 12 hasta el destete o el noveno mes en caso de que al beb\u00e9 no se le haya dado el pecho, el seguro cubre tambi\u00e9n ocho citas para tratar de dudas y preguntas relacionadas con la alimentaci\u00f3n.<\/p><ul><li><b>Qu\u00e9 servicios NO cubre el seguro<\/b><\/li><\/ul><p class=\"translation-block\">El resto de servicios se deber\u00e1n pagar de forma privada. En estos servicios se incluyen por ejemplo el curso de preparaci\u00f3n al parto (60 euros sola o 110 euros con pareja), el masaje terap\u00e9utico de vientre despu\u00e9s del parto (70 euros) o en el caso de que el n\u00famero de citas relacionadas con el puerperio, la lactancia o los cuidados del beb\u00e9 superen a las que cubre el seguro.<\/p>\t\t\t\t\t\t\t\t<\/div>\n\t\t\t\t<\/div>\n\t\t\t\t\t<\/div>\n\t\t<\/div>\n\t\t\t\t<div class=\"elementor-column elementor-col-50 elementor-top-column elementor-element elementor-element-c4946ee\" data-id=\"c4946ee\" data-element_type=\"column\" data-e-type=\"column\">\n\t\t\t<div class=\"elementor-widget-wrap\">\n\t\t\t\t\t\t\t<\/div>\n\t\t<\/div>\n\t\t\t\t\t<\/div>\n\t\t<\/section>\n\t\t\t\t<\/div>","protected":false},"excerpt":{"rendered":"<p>Kosten \/ Kosten\u00fcbernahme Jeder schwangeren Frau steht in Deutschland Hebammenhilfe zu. Auch im Wochenbett und dar\u00fcber hinaus, bis zum Abstillen des Babys, kann jede Mutter Beratung und Hilfe bei Still- Ern\u00e4hrungsschwierigkeiten von der Hebamme erhalten. Die Kosten \u00fcbernimmt die Krankenkasse.\u00a0 Krankenkassenleistungen f\u00fcr die Schwangere\u00a0 Eine schwangere Frau kann bei jeglichen Beschwerden sowie bei Wehen jederzeit [&hellip;]<\/p>\n","protected":false},"author":1,"featured_media":0,"parent":0,"menu_order":0,"comment_status":"closed","ping_status":"closed","template":"","meta":{"footnotes":""},"class_list":["post-253","page","type-page","status-publish","hentry"],"_links":{"self":[{"href":"https:\/\/hebammen-kiosk.de\/es\/wp-json\/wp\/v2\/pages\/253","targetHints":{"allow":["GET"]}}],"collection":[{"href":"https:\/\/hebammen-kiosk.de\/es\/wp-json\/wp\/v2\/pages"}],"about":[{"href":"https:\/\/hebammen-kiosk.de\/es\/wp-json\/wp\/v2\/types\/page"}],"author":[{"embeddable":true,"href":"https:\/\/hebammen-kiosk.de\/es\/wp-json\/wp\/v2\/users\/1"}],"replies":[{"embeddable":true,"href":"https:\/\/hebammen-kiosk.de\/es\/wp-json\/wp\/v2\/comments?post=253"}],"version-history":[{"count":34,"href":"https:\/\/hebammen-kiosk.de\/es\/wp-json\/wp\/v2\/pages\/253\/revisions"}],"predecessor-version":[{"id":444,"href":"https:\/\/hebammen-kiosk.de\/es\/wp-json\/wp\/v2\/pages\/253\/revisions\/444"}],"wp:attachment":[{"href":"https:\/\/hebammen-kiosk.de\/es\/wp-json\/wp\/v2\/media?parent=253"}],"curies":[{"name":"wp","href":"https:\/\/api.w.org\/{rel}","templated":true}]}}