{"id":476,"date":"2023-09-05T12:15:25","date_gmt":"2023-09-05T12:15:25","guid":{"rendered":"https:\/\/hebammen-kiosk.de\/?page_id=476"},"modified":"2026-02-14T10:24:57","modified_gmt":"2026-02-14T10:24:57","slug":"schwangerschaft","status":"publish","type":"page","link":"https:\/\/hebammen-kiosk.de\/es\/schwangerschaft\/","title":{"rendered":"Embarazo"},"content":{"rendered":"<div data-elementor-type=\"wp-page\" data-elementor-id=\"476\" class=\"elementor elementor-476\">\n\t\t\t\t\t\t<section class=\"elementor-section elementor-top-section elementor-element elementor-element-22823f1 elementor-reverse-mobile elementor-section-boxed elementor-section-height-default elementor-section-height-default\" data-id=\"22823f1\" data-element_type=\"section\" data-e-type=\"section\">\n\t\t\t\t\t\t\t<div class=\"elementor-background-overlay\"><\/div>\n\t\t\t\t\t\t\t<div class=\"elementor-container elementor-column-gap-default\">\n\t\t\t\t\t<div class=\"elementor-column elementor-col-50 elementor-top-column elementor-element elementor-element-a9db0a8\" data-id=\"a9db0a8\" data-element_type=\"column\" data-e-type=\"column\">\n\t\t\t<div class=\"elementor-widget-wrap elementor-element-populated\">\n\t\t\t\t\t\t<div class=\"elementor-element elementor-element-518e80d elementor-widget elementor-widget-heading\" data-id=\"518e80d\" data-element_type=\"widget\" data-e-type=\"widget\" data-widget_type=\"heading.default\">\n\t\t\t\t<div class=\"elementor-widget-container\">\n\t\t\t\t\t<h2 class=\"elementor-heading-title elementor-size-default\">Te ofrecemos asesoramiento individual para cada fase del embarazo<\/h2>\t\t\t\t<\/div>\n\t\t\t\t<\/div>\n\t\t\t\t<div class=\"elementor-element elementor-element-cf9509e elementor-widget elementor-widget-text-editor\" data-id=\"cf9509e\" data-element_type=\"widget\" data-e-type=\"widget\" data-widget_type=\"text-editor.default\">\n\t\t\t\t<div class=\"elementor-widget-container\">\n\t\t\t\t\t\t\t\t\t<p><span class=\"wixui-rich-text__text\">\u00bfTienes preguntas, dudas o molestias y necesitas ayuda y\/o apoyo? Yo te ayudo encantada.\u00a0<\/span><\/p><p class=\"font_9 wixui-rich-text__text translation-block\">Muchas mujeres sufren de reflujo, n\u00e1useas, problemas con el sue\u00f1o, desasosiego o problemas de piel durante el embarazo. Los cambios f\u00edsicos y hormonales se hacen visibles de muchas maneras diferentes. En el Hebammen-Kiosk encontrar\u00e1s asesoramiento sobre todos estos temas. Usar\u00e9 mis 30 a\u00f1os de experiencia para escucharte y aconsejarte en todas las preguntas que puedas tener, tales como:<\/p><ul><li class=\"font_9 wixui-rich-text__text\"><span style=\"color: var( --e-global-color-secondary ); letter-spacing: 0px;\">qu\u00e9 se no puede comer durante el embarazo<\/span><\/li><li>c\u00f3mo se siente al empezar a notar mi beb\u00e9<\/li><li>cu\u00e1ndo deber\u00eda empezar a notarlo<\/li><li>\u00bfpuede pasarle algo al beb\u00e9 si me tinto el pelo, me hago las u\u00f1as o me hago un tatuaje?<\/li><li>\u00bfpuedo seguir haciendo deporte?<\/li><li>qu\u00e9 puedo hacer si tengo problemas de digesti\u00f3n<\/li><li>cu\u00e1nto peso se gana normalmente<\/li><li>qu\u00e9 hago si me sientan mal las pastillas de hierro<\/li><li>c\u00f3mo reconozco que estoy rompiendo aguas<\/li><li>y mucho m\u00e1s\u2026<\/li><\/ul><p class=\"font_9 wixui-rich-text__text\"><span class=\"wixui-rich-text__text\">A veces simplemente se tratar\u00e1 de consejos pr\u00e1cticos que puedan mejor r\u00e1pidamente tu vida de embarazada. Quiz\u00e1 lo que te puede ayudar es aprender ejercicios de relajaci\u00f3n o a lo mejor necesitas consejo sobre tu estilo de vida. Quiz\u00e1 te interesen algunos consejos sobre alimentaci\u00f3n o ejercicios para la espalda o simplemente t\u00fa (y tu pareja tambi\u00e9n) necesit\u00e1is una preparaci\u00f3n al parto. Reserva tu cita y juntas hablamos del tema que te preocupe en el momento<\/span><\/p>\t\t\t\t\t\t\t\t<\/div>\n\t\t\t\t<\/div>\n\t\t\t\t\t<\/div>\n\t\t<\/div>\n\t\t\t\t<div class=\"elementor-column elementor-col-50 elementor-top-column elementor-element elementor-element-100bee4\" data-id=\"100bee4\" data-element_type=\"column\" data-e-type=\"column\">\n\t\t\t<div class=\"elementor-widget-wrap elementor-element-populated\">\n\t\t\t\t\t\t<div class=\"elementor-element elementor-element-45b2024 elementor-widget elementor-widget-image\" data-id=\"45b2024\" data-element_type=\"widget\" data-e-type=\"widget\" data-widget_type=\"image.default\">\n\t\t\t\t<div class=\"elementor-widget-container\">\n\t\t\t\t\t\t\t\t\t\t\t\t\t\t\t<img fetchpriority=\"high\" decoding=\"async\" width=\"800\" height=\"359\" src=\"https:\/\/hebammen-kiosk.de\/wp-content\/uploads\/2023\/09\/Screenshot_20230925_222511_Gallery-1024x459.jpg\" class=\"attachment-large size-large wp-image-696\" alt=\"\" srcset=\"https:\/\/hebammen-kiosk.de\/wp-content\/uploads\/2023\/09\/Screenshot_20230925_222511_Gallery-1024x459.jpg 1024w, https:\/\/hebammen-kiosk.de\/wp-content\/uploads\/2023\/09\/Screenshot_20230925_222511_Gallery-300x135.jpg 300w, https:\/\/hebammen-kiosk.de\/wp-content\/uploads\/2023\/09\/Screenshot_20230925_222511_Gallery-768x344.jpg 768w, https:\/\/hebammen-kiosk.de\/wp-content\/uploads\/2023\/09\/Screenshot_20230925_222511_Gallery-1536x689.jpg 1536w, https:\/\/hebammen-kiosk.de\/wp-content\/uploads\/2023\/09\/Screenshot_20230925_222511_Gallery-2048x919.jpg 2048w\" sizes=\"(max-width: 800px) 100vw, 800px\" \/>\t\t\t\t\t\t\t\t\t\t\t\t\t\t\t<\/div>\n\t\t\t\t<\/div>\n\t\t\t\t\t<\/div>\n\t\t<\/div>\n\t\t\t\t\t<\/div>\n\t\t<\/section>\n\t\t\t\t<section class=\"elementor-section elementor-top-section elementor-element elementor-element-b3ec110 elementor-section-boxed elementor-section-height-default elementor-section-height-default\" data-id=\"b3ec110\" data-element_type=\"section\" data-e-type=\"section\">\n\t\t\t\t\t\t<div class=\"elementor-container elementor-column-gap-default\">\n\t\t\t\t\t<div class=\"elementor-column elementor-col-50 elementor-top-column elementor-element elementor-element-3f0733f\" data-id=\"3f0733f\" data-element_type=\"column\" data-e-type=\"column\">\n\t\t\t<div class=\"elementor-widget-wrap elementor-element-populated\">\n\t\t\t\t\t\t<div class=\"elementor-element elementor-element-b11b294 elementor-widget elementor-widget-image\" data-id=\"b11b294\" data-element_type=\"widget\" data-e-type=\"widget\" data-widget_type=\"image.default\">\n\t\t\t\t<div class=\"elementor-widget-container\">\n\t\t\t\t\t\t\t\t\t\t\t\t\t\t\t<img decoding=\"async\" width=\"768\" height=\"1023\" src=\"https:\/\/hebammen-kiosk.de\/wp-content\/uploads\/2026\/02\/IMG-20260108-WA0006-768x1023.jpg\" class=\"attachment-medium_large size-medium_large wp-image-815\" alt=\"\" srcset=\"https:\/\/hebammen-kiosk.de\/wp-content\/uploads\/2026\/02\/IMG-20260108-WA0006-768x1023.jpg 768w, https:\/\/hebammen-kiosk.de\/wp-content\/uploads\/2026\/02\/IMG-20260108-WA0006-225x300.jpg 225w, https:\/\/hebammen-kiosk.de\/wp-content\/uploads\/2026\/02\/IMG-20260108-WA0006-1153x1536.jpg 1153w, https:\/\/hebammen-kiosk.de\/wp-content\/uploads\/2026\/02\/IMG-20260108-WA0006-9x12.jpg 9w, https:\/\/hebammen-kiosk.de\/wp-content\/uploads\/2026\/02\/IMG-20260108-WA0006.jpg 1200w\" sizes=\"(max-width: 768px) 100vw, 768px\" \/>\t\t\t\t\t\t\t\t\t\t\t\t\t\t\t<\/div>\n\t\t\t\t<\/div>\n\t\t\t\t\t<\/div>\n\t\t<\/div>\n\t\t\t\t<div class=\"elementor-column elementor-col-50 elementor-top-column elementor-element elementor-element-2c67016\" data-id=\"2c67016\" data-element_type=\"column\" data-e-type=\"column\">\n\t\t\t<div class=\"elementor-widget-wrap\">\n\t\t\t\t\t\t\t<\/div>\n\t\t<\/div>\n\t\t\t\t\t<\/div>\n\t\t<\/section>\n\t\t\t\t<section class=\"elementor-section elementor-top-section elementor-element elementor-element-9afcb11 elementor-section-boxed elementor-section-height-default elementor-section-height-default\" data-id=\"9afcb11\" data-element_type=\"section\" data-e-type=\"section\">\n\t\t\t\t\t\t<div class=\"elementor-container elementor-column-gap-default\">\n\t\t\t\t\t<div class=\"elementor-column elementor-col-100 elementor-top-column elementor-element elementor-element-b5fe3ae\" data-id=\"b5fe3ae\" data-element_type=\"column\" data-e-type=\"column\">\n\t\t\t<div class=\"elementor-widget-wrap elementor-element-populated\">\n\t\t\t\t\t\t<div class=\"elementor-element elementor-element-d107d5f elementor-align-center elementor-widget elementor-widget-button\" data-id=\"d107d5f\" data-element_type=\"widget\" data-e-type=\"widget\" data-widget_type=\"button.default\">\n\t\t\t\t<div class=\"elementor-widget-container\">\n\t\t\t\t\t\t\t\t\t<div class=\"elementor-button-wrapper\">\n\t\t\t\t\t<a class=\"elementor-button elementor-button-link elementor-size-md\" href=\"https:\/\/bookme.name\/hebammenkiosk\" target=\"_blank\" rel=\"noopener\">\n\t\t\t\t\t\t<span class=\"elementor-button-content-wrapper\">\n\t\t\t\t\t\t\t\t\t<span class=\"elementor-button-text\">Reserva tu cita en el Hebammen-Kiosk aqu\u00ed<\/span>\n\t\t\t\t\t<\/span>\n\t\t\t\t\t<\/a>\n\t\t\t\t<\/div>\n\t\t\t\t\t\t\t\t<\/div>\n\t\t\t\t<\/div>\n\t\t\t\t\t<\/div>\n\t\t<\/div>\n\t\t\t\t\t<\/div>\n\t\t<\/section>\n\t\t\t\t<section class=\"elementor-section elementor-top-section elementor-element elementor-element-5518a65 elementor-section-boxed elementor-section-height-default elementor-section-height-default\" data-id=\"5518a65\" data-element_type=\"section\" data-e-type=\"section\">\n\t\t\t\t\t\t<div class=\"elementor-container elementor-column-gap-default\">\n\t\t\t\t\t<div class=\"elementor-column elementor-col-100 elementor-top-column elementor-element elementor-element-6627f73\" data-id=\"6627f73\" data-element_type=\"column\" data-e-type=\"column\">\n\t\t\t<div class=\"elementor-widget-wrap elementor-element-populated\">\n\t\t\t\t\t\t<div class=\"elementor-element elementor-element-2127c88 elementor-widget elementor-widget-spacer\" data-id=\"2127c88\" data-element_type=\"widget\" data-e-type=\"widget\" data-widget_type=\"spacer.default\">\n\t\t\t\t<div class=\"elementor-widget-container\">\n\t\t\t\t\t\t\t<div class=\"elementor-spacer\">\n\t\t\t<div class=\"elementor-spacer-inner\"><\/div>\n\t\t<\/div>\n\t\t\t\t\t\t<\/div>\n\t\t\t\t<\/div>\n\t\t\t\t\t<\/div>\n\t\t<\/div>\n\t\t\t\t\t<\/div>\n\t\t<\/section>\n\t\t\t\t<\/div>","protected":false},"excerpt":{"rendered":"<p>Finde eine individuelle Beratung in jeder Phase Deiner Schwangerschaft Du suchst Unterst\u00fctzung und Hilfe bei Fragen, Unsicherheiten oder Beschwerden? Ich helfe Dir gern.\u00a0 Viele Frauen leiden in der Schwangerschaft unter Reflux oder \u00dcbelkeit, haben Schlafst\u00f6rungen, innere Unruhe oder Hautprobleme. Die hormonellen und k\u00f6rperlichen Ver\u00e4nderungen machen sich eben in vielfacher Hinsicht bemerkbar. Im Hebammen-Kiosk findest Du [&hellip;]<\/p>\n","protected":false},"author":1,"featured_media":0,"parent":0,"menu_order":0,"comment_status":"closed","ping_status":"closed","template":"","meta":{"footnotes":""},"class_list":["post-476","page","type-page","status-publish","hentry"],"_links":{"self":[{"href":"https:\/\/hebammen-kiosk.de\/es\/wp-json\/wp\/v2\/pages\/476","targetHints":{"allow":["GET"]}}],"collection":[{"href":"https:\/\/hebammen-kiosk.de\/es\/wp-json\/wp\/v2\/pages"}],"about":[{"href":"https:\/\/hebammen-kiosk.de\/es\/wp-json\/wp\/v2\/types\/page"}],"author":[{"embeddable":true,"href":"https:\/\/hebammen-kiosk.de\/es\/wp-json\/wp\/v2\/users\/1"}],"replies":[{"embeddable":true,"href":"https:\/\/hebammen-kiosk.de\/es\/wp-json\/wp\/v2\/comments?post=476"}],"version-history":[{"count":19,"href":"https:\/\/hebammen-kiosk.de\/es\/wp-json\/wp\/v2\/pages\/476\/revisions"}],"predecessor-version":[{"id":818,"href":"https:\/\/hebammen-kiosk.de\/es\/wp-json\/wp\/v2\/pages\/476\/revisions\/818"}],"wp:attachment":[{"href":"https:\/\/hebammen-kiosk.de\/es\/wp-json\/wp\/v2\/media?parent=476"}],"curies":[{"name":"wp","href":"https:\/\/api.w.org\/{rel}","templated":true}]}}