{"id":477,"date":"2023-09-05T12:20:18","date_gmt":"2023-09-05T12:20:18","guid":{"rendered":"https:\/\/hebammen-kiosk.de\/?page_id=477"},"modified":"2024-11-30T17:13:35","modified_gmt":"2024-11-30T17:13:35","slug":"baby","status":"publish","type":"page","link":"https:\/\/hebammen-kiosk.de\/es\/baby\/","title":{"rendered":"Beb\u00e9"},"content":{"rendered":"<div data-elementor-type=\"wp-page\" data-elementor-id=\"477\" class=\"elementor elementor-477\">\n\t\t\t\t\t\t<section class=\"elementor-section elementor-top-section elementor-element elementor-element-682485e elementor-section-boxed elementor-section-height-default elementor-section-height-default\" data-id=\"682485e\" data-element_type=\"section\" data-e-type=\"section\">\n\t\t\t\t\t\t<div class=\"elementor-container elementor-column-gap-default\">\n\t\t\t\t\t<div class=\"elementor-column elementor-col-100 elementor-top-column elementor-element elementor-element-ea02bfc\" data-id=\"ea02bfc\" data-element_type=\"column\" data-e-type=\"column\">\n\t\t\t<div class=\"elementor-widget-wrap elementor-element-populated\">\n\t\t\t\t\t\t<div class=\"elementor-element elementor-element-11db17c elementor-widget elementor-widget-heading\" data-id=\"11db17c\" data-element_type=\"widget\" data-e-type=\"widget\" data-widget_type=\"heading.default\">\n\t\t\t\t<div class=\"elementor-widget-container\">\n\t\t\t\t\t<h2 class=\"elementor-heading-title elementor-size-default\">La nueva vida con tu reci\u00e9n nacido<\/h2>\t\t\t\t<\/div>\n\t\t\t\t<\/div>\n\t\t\t\t\t<\/div>\n\t\t<\/div>\n\t\t\t\t\t<\/div>\n\t\t<\/section>\n\t\t\t\t<section class=\"elementor-section elementor-top-section elementor-element elementor-element-aa4a0ba elementor-section-boxed elementor-section-height-default elementor-section-height-default\" data-id=\"aa4a0ba\" data-element_type=\"section\" data-e-type=\"section\">\n\t\t\t\t\t\t<div class=\"elementor-container elementor-column-gap-default\">\n\t\t\t\t\t<div class=\"elementor-column elementor-col-100 elementor-top-column elementor-element elementor-element-7a6bf5e\" data-id=\"7a6bf5e\" data-element_type=\"column\" data-e-type=\"column\">\n\t\t\t<div class=\"elementor-widget-wrap elementor-element-populated\">\n\t\t\t\t\t\t<div class=\"elementor-element elementor-element-e6b35cc elementor-widget elementor-widget-image\" data-id=\"e6b35cc\" data-element_type=\"widget\" data-e-type=\"widget\" data-widget_type=\"image.default\">\n\t\t\t\t<div class=\"elementor-widget-container\">\n\t\t\t\t\t\t\t\t\t\t\t\t\t\t\t<img fetchpriority=\"high\" decoding=\"async\" width=\"273\" height=\"300\" src=\"https:\/\/hebammen-kiosk.de\/wp-content\/uploads\/2024\/11\/IMG-20230916-WA0028-273x300.jpg\" class=\"attachment-medium size-medium wp-image-762\" alt=\"\" srcset=\"https:\/\/hebammen-kiosk.de\/wp-content\/uploads\/2024\/11\/IMG-20230916-WA0028-273x300.jpg 273w, https:\/\/hebammen-kiosk.de\/wp-content\/uploads\/2024\/11\/IMG-20230916-WA0028-768x845.jpg 768w, https:\/\/hebammen-kiosk.de\/wp-content\/uploads\/2024\/11\/IMG-20230916-WA0028-11x12.jpg 11w, https:\/\/hebammen-kiosk.de\/wp-content\/uploads\/2024\/11\/IMG-20230916-WA0028.jpg 842w\" sizes=\"(max-width: 273px) 100vw, 273px\" \/>\t\t\t\t\t\t\t\t\t\t\t\t\t\t\t<\/div>\n\t\t\t\t<\/div>\n\t\t\t\t\t<\/div>\n\t\t<\/div>\n\t\t\t\t\t<\/div>\n\t\t<\/section>\n\t\t\t\t<section class=\"elementor-section elementor-top-section elementor-element elementor-element-6a6aeb9 elementor-section-boxed elementor-section-height-default elementor-section-height-default\" data-id=\"6a6aeb9\" data-element_type=\"section\" data-e-type=\"section\">\n\t\t\t\t\t\t\t<div class=\"elementor-background-overlay\"><\/div>\n\t\t\t\t\t\t\t<div class=\"elementor-container elementor-column-gap-default\">\n\t\t\t\t\t<div class=\"elementor-column elementor-col-50 elementor-top-column elementor-element elementor-element-9d2a14e\" data-id=\"9d2a14e\" data-element_type=\"column\" data-e-type=\"column\">\n\t\t\t<div class=\"elementor-widget-wrap elementor-element-populated\">\n\t\t\t\t\t\t<div class=\"elementor-element elementor-element-ac57e24 elementor-widget elementor-widget-text-editor\" data-id=\"ac57e24\" data-element_type=\"widget\" data-e-type=\"widget\" data-widget_type=\"text-editor.default\">\n\t\t\t\t<div class=\"elementor-widget-container\">\n\t\t\t\t\t\t\t\t\t<p>Cada familia es diferente y cada mam\u00e1 y cada beb\u00e9 tambi\u00e9n. Por eso, te ofrezco ayuda y apoyo para ti y a tu beb\u00e9 para cualquier pregunta que pod\u00e1is tener.<br>Como por ejemplo si:<\/p>\n<ul>\n<li>Necesitas apoyo durante o despu\u00e9s del puerperio.<\/li>\n<li>Tu beb\u00e9 se despierta muy a menudo por la noche<\/li>\n<li>Tu beb\u00e9 est\u00e1 pasando la fase de los c\u00f3licos de los tres meses y ya has probado todo para que se pase.<\/li>\n<li>Le  empiezan a salir los dientes<\/li>\n<li>No est\u00e1s segura si tu beb\u00e9 pasa calor o fr\u00edo cuando est\u00e1 vestido o arropado.<\/li>\n<li>Tu beb\u00e9 tiene costra l\u00e1ctea o le salen granitos<\/li>\n<li style=\"font-size: 18px;\">Tienes dudas sobre la lactancia durante el primer a\u00f1o de tu beb\u00e9&nbsp;<\/li>\n<li>Quieres empezar a darle otros alimentos<\/li>\n<li>Y mucho m\u00e1s&nbsp;<\/li>\n<\/ul>\n<p>Juntas encontraremos soluciones a todas las dudas y preguntas relacionadas contigo y con tu beb\u00e9.<\/p>\t\t\t\t\t\t\t\t<\/div>\n\t\t\t\t<\/div>\n\t\t\t\t\t<\/div>\n\t\t<\/div>\n\t\t\t\t<div class=\"elementor-column elementor-col-50 elementor-top-column elementor-element elementor-element-1d89bb4\" data-id=\"1d89bb4\" data-element_type=\"column\" data-e-type=\"column\">\n\t\t\t<div class=\"elementor-widget-wrap elementor-element-populated\">\n\t\t\t\t\t\t<div class=\"elementor-element elementor-element-4b533bf elementor-widget__width-initial elementor-widget elementor-widget-image\" data-id=\"4b533bf\" data-element_type=\"widget\" data-e-type=\"widget\" data-widget_type=\"image.default\">\n\t\t\t\t<div class=\"elementor-widget-container\">\n\t\t\t\t\t\t\t\t\t\t\t\t\t\t\t<img decoding=\"async\" width=\"768\" height=\"578\" src=\"https:\/\/hebammen-kiosk.de\/wp-content\/uploads\/2023\/09\/IMG_20230916_173410_HDR-768x578.jpg\" class=\"attachment-medium_large size-medium_large wp-image-688\" alt=\"\" srcset=\"https:\/\/hebammen-kiosk.de\/wp-content\/uploads\/2023\/09\/IMG_20230916_173410_HDR-768x578.jpg 768w, https:\/\/hebammen-kiosk.de\/wp-content\/uploads\/2023\/09\/IMG_20230916_173410_HDR-300x226.jpg 300w, https:\/\/hebammen-kiosk.de\/wp-content\/uploads\/2023\/09\/IMG_20230916_173410_HDR-1024x771.jpg 1024w, https:\/\/hebammen-kiosk.de\/wp-content\/uploads\/2023\/09\/IMG_20230916_173410_HDR-1536x1157.jpg 1536w, https:\/\/hebammen-kiosk.de\/wp-content\/uploads\/2023\/09\/IMG_20230916_173410_HDR-2048x1542.jpg 2048w\" sizes=\"(max-width: 768px) 100vw, 768px\" \/>\t\t\t\t\t\t\t\t\t\t\t\t\t\t\t<\/div>\n\t\t\t\t<\/div>\n\t\t\t\t\t<\/div>\n\t\t<\/div>\n\t\t\t\t\t<\/div>\n\t\t<\/section>\n\t\t\t\t<section class=\"elementor-section elementor-top-section elementor-element elementor-element-cfc5f83 elementor-section-boxed elementor-section-height-default elementor-section-height-default\" data-id=\"cfc5f83\" data-element_type=\"section\" data-e-type=\"section\">\n\t\t\t\t\t\t<div class=\"elementor-container elementor-column-gap-default\">\n\t\t\t\t\t<div class=\"elementor-column elementor-col-100 elementor-top-column elementor-element elementor-element-240cdd3\" data-id=\"240cdd3\" data-element_type=\"column\" data-e-type=\"column\">\n\t\t\t<div class=\"elementor-widget-wrap elementor-element-populated\">\n\t\t\t\t\t\t<div class=\"elementor-element elementor-element-ec7e3e0 elementor-align-center elementor-widget elementor-widget-button\" data-id=\"ec7e3e0\" data-element_type=\"widget\" data-e-type=\"widget\" data-widget_type=\"button.default\">\n\t\t\t\t<div class=\"elementor-widget-container\">\n\t\t\t\t\t\t\t\t\t<div class=\"elementor-button-wrapper\">\n\t\t\t\t\t<a class=\"elementor-button elementor-button-link elementor-size-md\" href=\"https:\/\/bookme.name\/hebammenkiosk\" target=\"_blank\" rel=\"noopener\">\n\t\t\t\t\t\t<span class=\"elementor-button-content-wrapper\">\n\t\t\t\t\t\t\t\t\t<span class=\"elementor-button-text\">Reserva tu cita en el Hebammen-Kiosk aqu\u00ed<\/span>\n\t\t\t\t\t<\/span>\n\t\t\t\t\t<\/a>\n\t\t\t\t<\/div>\n\t\t\t\t\t\t\t\t<\/div>\n\t\t\t\t<\/div>\n\t\t\t\t\t<\/div>\n\t\t<\/div>\n\t\t\t\t\t<\/div>\n\t\t<\/section>\n\t\t\t\t<section class=\"elementor-section elementor-top-section elementor-element elementor-element-5518a65 elementor-section-boxed elementor-section-height-default elementor-section-height-default\" data-id=\"5518a65\" data-element_type=\"section\" data-e-type=\"section\">\n\t\t\t\t\t\t<div class=\"elementor-container elementor-column-gap-default\">\n\t\t\t\t\t<div class=\"elementor-column elementor-col-100 elementor-top-column elementor-element elementor-element-6627f73\" data-id=\"6627f73\" data-element_type=\"column\" data-e-type=\"column\">\n\t\t\t<div class=\"elementor-widget-wrap elementor-element-populated\">\n\t\t\t\t\t\t<div class=\"elementor-element elementor-element-2127c88 elementor-widget elementor-widget-spacer\" data-id=\"2127c88\" data-element_type=\"widget\" data-e-type=\"widget\" data-widget_type=\"spacer.default\">\n\t\t\t\t<div class=\"elementor-widget-container\">\n\t\t\t\t\t\t\t<div class=\"elementor-spacer\">\n\t\t\t<div class=\"elementor-spacer-inner\"><\/div>\n\t\t<\/div>\n\t\t\t\t\t\t<\/div>\n\t\t\t\t<\/div>\n\t\t\t\t\t<\/div>\n\t\t<\/div>\n\t\t\t\t\t<\/div>\n\t\t<\/section>\n\t\t\t\t<\/div>","protected":false},"excerpt":{"rendered":"<p>Du und Dein Kind auf Eurem gemeinsamen Weg durch die Babyzeit Jede Familie ist anders, jede Mama und jedes Baby ebenso&#8230; ich biete Hilfe und Unterst\u00fctzung f\u00fcr Dich und Dein Kind bei allen Fragen,z.B. wenn Du Unterst\u00fctzung w\u00e4hrend oder nach Deinem Wochenbett ben\u00f6tigst Dein Baby nachts h\u00e4ufig aufwacht Dein Baby unter 3-Monatskoliken leidet, und Du [&hellip;]<\/p>\n","protected":false},"author":1,"featured_media":0,"parent":0,"menu_order":0,"comment_status":"closed","ping_status":"closed","template":"","meta":{"footnotes":""},"class_list":["post-477","page","type-page","status-publish","hentry"],"_links":{"self":[{"href":"https:\/\/hebammen-kiosk.de\/es\/wp-json\/wp\/v2\/pages\/477","targetHints":{"allow":["GET"]}}],"collection":[{"href":"https:\/\/hebammen-kiosk.de\/es\/wp-json\/wp\/v2\/pages"}],"about":[{"href":"https:\/\/hebammen-kiosk.de\/es\/wp-json\/wp\/v2\/types\/page"}],"author":[{"embeddable":true,"href":"https:\/\/hebammen-kiosk.de\/es\/wp-json\/wp\/v2\/users\/1"}],"replies":[{"embeddable":true,"href":"https:\/\/hebammen-kiosk.de\/es\/wp-json\/wp\/v2\/comments?post=477"}],"version-history":[{"count":21,"href":"https:\/\/hebammen-kiosk.de\/es\/wp-json\/wp\/v2\/pages\/477\/revisions"}],"predecessor-version":[{"id":783,"href":"https:\/\/hebammen-kiosk.de\/es\/wp-json\/wp\/v2\/pages\/477\/revisions\/783"}],"wp:attachment":[{"href":"https:\/\/hebammen-kiosk.de\/es\/wp-json\/wp\/v2\/media?parent=477"}],"curies":[{"name":"wp","href":"https:\/\/api.w.org\/{rel}","templated":true}]}}